{"id":9,"date":"2015-04-21T21:10:58","date_gmt":"2015-04-21T21:10:58","guid":{"rendered":"https:\/\/2015.lithuania.wordcamp.org\/location\/"},"modified":"2015-08-20T23:40:46","modified_gmt":"2015-08-20T20:40:46","slug":"renginio-vieta","status":"publish","type":"page","link":"https:\/\/lithuania.wordcamp.org\/2015\/renginio-vieta\/","title":{"rendered":"Renginio vieta"},"content":{"rendered":"<p>WordCamp Lietuva 2015 vyks 2015 met\u0173 rugs\u0117jo 19d., Vilniuje, Socialini\u0173 Moksl\u0173 kolegijos pastate. Tai did\u017eiausia nevalstybin\u0117 auk\u0161toji mokykla Lietuvoje, valdanti moderni\u0105 baz\u0119 studijoms Vilniuje \u2013 ir suteikusi galimyb\u0119 ja pasinaudoti ir mums.<\/p>\n<p><strong>Lauksime J\u016bs\u0173 rugs\u0117jo 19 dien\u0105, 9:00, adresu Kalvarij\u0173 g. 137E, Vilnius<\/strong><\/p>\n<div class=\"googlemaps\">\n\t\t\t\t<iframe loading=\"lazy\" width=\"700\" height=\"400\" frameborder=\"0\" scrolling=\"no\" marginheight=\"0\" marginwidth=\"0\"  src=\"https:\/\/www.google.com\/maps\/embed?pb=!1m18!1m12!1m3!1d2304.6182682319654!2d25.2874172!3d54.716338900000004!2m3!1f0!2f0!3f0!3m2!1i1024!2i768!4f13.1!3m3!1m2!1s0x0000000000000000:0x97b079966e5212ec!2sSocialini\u0173%20moksl\u0173%20kolegija,%20V\u0161\u012e%20Vilniaus%20filialas!5e0!3m2!1sen!2sus!4v1436851860655\"><\/iframe>\n\t\t\t<\/div>\n<h2>Kaip atvykti<\/h2>\n<p>I\u0161 autobus\u0173\/gele\u017einkelio stoties iki stotel\u0117s Pramog\u0173 arena: autobusai 1G, 34, 53 (kelion\u0117s trukm\u0117 &#8211; apie 30 min)<\/p>\n<p>Koordinat\u0117s GPS:<br \/>\n582952, 6065272 (LKS)<br \/>\n54.716984, 25.287488 (WGS)<br \/>\n54\u00b0 43&#8242; 1.14&#8243;, 25\u00b0 17&#8242; 14.96&#8243; (WGS)<\/p>\n<p><img loading=\"lazy\" decoding=\"async\" class=\"alignleft size-medium wp-image-179\" src=\"https:\/\/2015.lithuania.wordcamp.org\/files\/2015\/04\/smk_logo-300x256.jpg\" alt=\"smk_logo\" width=\"300\" height=\"256\" srcset=\"https:\/\/lithuania.wordcamp.org\/2015\/files\/2015\/04\/smk_logo-300x256.jpg 300w, https:\/\/lithuania.wordcamp.org\/2015\/files\/2015\/04\/smk_logo-351x300.jpg 351w, https:\/\/lithuania.wordcamp.org\/2015\/files\/2015\/04\/smk_logo.jpg 500w\" sizes=\"auto, (max-width: 300px) 100vw, 300px\" \/>Socialini\u0173 Moksl\u0173 kolegija \u2013 tai ne tik auk\u0161toji mokykla, tai &#8211; draugi\u0161ka, ambicinga, jaunati\u0161ka ir vieninga bendruomen\u0117. Tai erdv\u0117, kurioje br\u0119sta id\u0117jos, kuriamos naujos \u017einios, formuojasi ilgalaikiai santykiai. Tai vieta, \u012f kuri\u0105 visada norisi sugr\u012f\u017eti.<\/p>\n<p>Socialini\u0173 Moksl\u0173 kolegijoje ugdomos asmenyb\u0117s, norin\u010dios kasdien pranokti save ir suvokian\u010dios, kad tai pagrindinis tobul\u0117jimo siekis \u2013 nesivar\u017eyti su kitais, bet augti pa\u010diam. Kasdien tapti geresniu, mokan\u010diu ir \u017einan\u010diu daugiau, geban\u010diu perduoti \u017einias kitiems ir prisidedan\u010diu prie \u0161eimos, bendruomen\u0117s ir visuomen\u0117s gerov\u0117s.<\/p>\n","protected":false},"excerpt":{"rendered":"<p>WordCamp Lietuva 2015 vyks 2015 met\u0173 rugs\u0117jo 19d., Vilniuje, Socialini\u0173 Moksl\u0173 kolegijos pastate. Tai did\u017eiausia nevalstybin\u0117 auk\u0161toji mokykla Lietuvoje, valdanti moderni\u0105 baz\u0119 studijoms Vilniuje \u2013 ir suteikusi galimyb\u0119 ja pasinaudoti ir mums. Lauksime J\u016bs\u0173 rugs\u0117jo 19 dien\u0105, 9:00, adresu Kalvarij\u0173 g. 137E, Vilnius Kaip atvykti I\u0161 autobus\u0173\/gele\u017einkelio stoties iki stotel\u0117s Pramog\u0173 arena: autobusai 1G, 34, &hellip; <a href=\"https:\/\/lithuania.wordcamp.org\/2015\/renginio-vieta\/\" class=\"more-link\">Continue reading <span class=\"screen-reader-text\">Renginio vieta<\/span><\/a><\/p>\n","protected":false},"author":13984478,"featured_media":0,"parent":0,"menu_order":0,"comment_status":"closed","ping_status":"closed","template":"","meta":{"_crdt_document":"","jetpack_post_was_ever_published":false,"footnotes":""},"class_list":["post-9","page","type-page","status-publish","hentry"],"jetpack_sharing_enabled":true,"_links":{"self":[{"href":"https:\/\/lithuania.wordcamp.org\/2015\/wp-json\/wp\/v2\/pages\/9","targetHints":{"allow":["GET"]}}],"collection":[{"href":"https:\/\/lithuania.wordcamp.org\/2015\/wp-json\/wp\/v2\/pages"}],"about":[{"href":"https:\/\/lithuania.wordcamp.org\/2015\/wp-json\/wp\/v2\/types\/page"}],"author":[{"embeddable":true,"href":"https:\/\/lithuania.wordcamp.org\/2015\/wp-json\/wp\/v2\/users\/13984478"}],"replies":[{"embeddable":true,"href":"https:\/\/lithuania.wordcamp.org\/2015\/wp-json\/wp\/v2\/comments?post=9"}],"version-history":[{"count":9,"href":"https:\/\/lithuania.wordcamp.org\/2015\/wp-json\/wp\/v2\/pages\/9\/revisions"}],"predecessor-version":[{"id":510,"href":"https:\/\/lithuania.wordcamp.org\/2015\/wp-json\/wp\/v2\/pages\/9\/revisions\/510"}],"wp:attachment":[{"href":"https:\/\/lithuania.wordcamp.org\/2015\/wp-json\/wp\/v2\/media?parent=9"}],"curies":[{"name":"wp","href":"https:\/\/api.w.org\/{rel}","templated":true}]}}