{"id":8,"date":"2015-04-21T21:10:58","date_gmt":"2015-04-21T21:10:58","guid":{"rendered":"https:\/\/2015.lithuania.wordcamp.org\/sponsors\/"},"modified":"2015-09-18T17:39:29","modified_gmt":"2015-09-18T14:39:29","slug":"remejai","status":"publish","type":"page","link":"https:\/\/lithuania.wordcamp.org\/2015\/remejai\/","title":{"rendered":"R\u0117m\u0117jai"},"content":{"rendered":"<p>D\u0117kojame visiems r\u0117m\u0117jams, prisidedantiems prie WordCamp Lietuva organizavimo.<\/p>\n<h3>R\u0117m\u0117ju galite tapti ir J\u016bs!<\/h3>\n<p>Specialiame \u012fra\u0161e <a href=\"https:\/\/2015.lithuania.wordcamp.org\/paremkite-rengini\/\">Paremkite rengin\u012f<\/a> rasite daugiau informacijos, kaip galite pad\u0117ti.<\/p>\n<h2>PLATININIS R\u0116M\u0116JAS<\/h2>\n<h3>Jetpack<\/h3>\n<p><img loading=\"lazy\" decoding=\"async\" class=\"alignnone size-full wp-image-174\" src=\"https:\/\/2015.lithuania.wordcamp.org\/files\/2015\/04\/jetpack.png\" alt=\"jetpack\" width=\"700\" height=\"300\" srcset=\"https:\/\/lithuania.wordcamp.org\/2015\/files\/2015\/04\/jetpack.png 700w, https:\/\/lithuania.wordcamp.org\/2015\/files\/2015\/04\/jetpack-300x129.png 300w, https:\/\/lithuania.wordcamp.org\/2015\/files\/2015\/04\/jetpack-500x214.png 500w\" sizes=\"auto, (max-width: 700px) 100vw, 700px\" \/><br \/>\nJetpack yra nemokamas WordPress \u012fskiepis, kuris palengvina tinklalapi\u0173 valdym\u0105, sujungdamas juos su WordPress.com. Tai suteikia galimyb\u0119 naudotis tokiais \u012frankiais kaip Photon (globalus atvaizd\u0173 CDN), uptime&#8217;o steb\u0117jimas, apsauga prie\u0161 brute force, lankytoj\u0173 srauto didinimo \u012frankiai, vienas prisijungimas \u012f visus J\u016bs\u0173 valdomus tinklalapius bei automatinis ir\/ar masinis \u012fskiepi\u0173 atnaujinimas. Taip pat Jetpack suteikia daugiau galimybi\u0173 keisti J\u016bs\u0173 tinklalapio i\u0161vaizd\u0105 nenaudojant papildom\u0173 \u012fskiepi\u0173. Daugiau informacijos: <a href=\"http:\/\/jetpack.me\" target=\"_blank\">http:\/\/jetpack.me<\/a><\/p>\n<h2>DEIMANTINIAI R\u0116M\u0116JAI<\/h2>\n<h3>Bluehost<\/h3>\n<p><img loading=\"lazy\" decoding=\"async\" class=\"alignnone size-full wp-image-173\" src=\"https:\/\/2015.lithuania.wordcamp.org\/files\/2015\/04\/bluehost.png\" alt=\"bluehost\" width=\"700\" height=\"300\" srcset=\"https:\/\/lithuania.wordcamp.org\/2015\/files\/2015\/04\/bluehost.png 700w, https:\/\/lithuania.wordcamp.org\/2015\/files\/2015\/04\/bluehost-300x129.png 300w, https:\/\/lithuania.wordcamp.org\/2015\/files\/2015\/04\/bluehost-500x214.png 500w\" sizes=\"auto, (max-width: 700px) 100vw, 700px\" \/><br \/>\nBluehost yra WordPress partneris nuo 2005 ir savo serveriuose aptarnauja daugiau nei milijon\u0105 WordPress tinklalapi\u0173. \u0160ios \u012fmon\u0117s tikslas yra teikti kokybi\u0161kas hostingo paslaugas bei klient\u0173 pagalb\u0105 u\u017e geriausi\u0105 \u012fmanom\u0105 kain\u0105. Bluehost nuolatos seka naujoves bei atnaujina savo paslaugas ir infrastrukt\u016br\u0105 be papildom\u0173 i\u0161laid\u0173 klientams. Prisijunkite prie milijono kit\u0173 tinklalapi\u0173 savinink\u0173, kurie jau pasirinko Bluehost ir \u012fsitikinkite.<\/p>\n<h3>GoDaddy<\/h3>\n<p><img loading=\"lazy\" decoding=\"async\" class=\"alignnone size-full wp-image-172\" src=\"https:\/\/2015.lithuania.wordcamp.org\/files\/2015\/04\/godaddy.png\" alt=\"godaddy\" width=\"700\" height=\"300\" srcset=\"https:\/\/lithuania.wordcamp.org\/2015\/files\/2015\/04\/godaddy.png 700w, https:\/\/lithuania.wordcamp.org\/2015\/files\/2015\/04\/godaddy-300x129.png 300w, https:\/\/lithuania.wordcamp.org\/2015\/files\/2015\/04\/godaddy-500x214.png 500w\" sizes=\"auto, (max-width: 700px) 100vw, 700px\" \/><br \/>\nGoDaddy savo misija laiko radikaliai pakeisti pasaulin\u0119 ekonomik\u0105 ir atsukti j\u0105 \u012f smulk\u0173j\u012f versl\u0105 &#8211; padedant \u017emon\u0117ms j\u012f prad\u0117ti lengvai, augti u\u017etikrintai ir veikti s\u0117kmingai. Tur\u0117dami daugiau nei 12 milijon\u0173 klient\u0173 i\u0161 viso pasaulio ir valdydami 57 milijonus domen\u0173, GoDaddy suteikia smulkaus verslo savininkams \u012frankius, kuriais jie gali i\u0161pildyti savo id\u0117jas, susikurti puik\u0173 online \u012fvaizd\u012f, pritraukti nauj\u0173 klient\u0173 ir valdyti savo versl\u0105.<\/p>\n<h3>PlanetHoster<\/h3>\n<p><img loading=\"lazy\" decoding=\"async\" class=\"alignnone size-full wp-image-171\" src=\"https:\/\/2015.lithuania.wordcamp.org\/files\/2015\/04\/planethoster.png\" alt=\"planethoster\" width=\"700\" height=\"300\" srcset=\"https:\/\/lithuania.wordcamp.org\/2015\/files\/2015\/04\/planethoster.png 700w, https:\/\/lithuania.wordcamp.org\/2015\/files\/2015\/04\/planethoster-300x129.png 300w, https:\/\/lithuania.wordcamp.org\/2015\/files\/2015\/04\/planethoster-500x214.png 500w\" sizes=\"auto, (max-width: 700px) 100vw, 700px\" \/><br \/>\nPlanetHoster si\u016blo auk\u0161\u010diausios kokyb\u0117s hostingo paslaugas WordPress naudotojams visame pasaulyje. Ar Jums reikt\u0173 paprasto shared hostingo, valdomo VPS, dedikuoto serverio ar ka\u017eko dar daugiau, PlanetHoster klientai teigia, kad b\u016btent \u010dia \u0161ie teisingai \u012fkainoti, daugyb\u0119 \u012franki\u0173 ir funkcij\u0173 turintys hostingo sprendimai pranoko j\u0173 l\u016bkes\u010dius. Sertifikuoti PlanetHoster in\u017einieriai turi daug patirties su WordPress. Jie dirba, siekdami u\u017etikrinti, kad J\u016bs\u0173 WordPress tinklalapis veikt\u0173 greitai ir b\u016bt\u0173 laikomas saugioje, 24\/7 stebimoje aplinkoje. Jei norite savo lankytojams pasi\u016blyti geriausius \u012fsp\u016bd\u017eius, laikyti savo tinklalap\u012f Europoje arba \u0160iaur\u0117s Amerikoje, tuomet PlanetHoster gali b\u016bti tinkamas pasirinkimas.<\/p>\n<h2>AUKSINIAI R\u0116M\u0116JAI<\/h2>\n<h3><a href=\"http:\/\/serveriai.lt\" target=\"_blank\">Serveriai.lt<\/a><\/h3>\n<p><a href=\"http:\/\/serveriai.lt\" target=\"_blank\"><img loading=\"lazy\" decoding=\"async\" class=\"aligncenter size-large wp-image-517\" src=\"https:\/\/2015.lithuania.wordcamp.org\/files\/2015\/04\/serveriai-1024x489.jpg\" alt=\"serveriai.lt\" width=\"660\" height=\"315\" srcset=\"https:\/\/lithuania.wordcamp.org\/2015\/files\/2015\/04\/serveriai-1024x489.jpg 1024w, https:\/\/lithuania.wordcamp.org\/2015\/files\/2015\/04\/serveriai-300x143.jpg 300w, https:\/\/lithuania.wordcamp.org\/2015\/files\/2015\/04\/serveriai-500x239.jpg 500w\" sizes=\"auto, (max-width: 660px) 100vw, 660px\" \/><\/a><br \/>\nServeriai.lt &#8211; hostingo paslaug\u0173 lyderis Lietuvoje. Ypating\u0105 d\u0117mes\u012f skiria klient\u0173 informacijos saugumui ir konfidencialumui u\u017etikrinti. Serverius talpina tik moderniose serveri\u0173 saugyklose, kurias 24&#215;7 saugo apsaugos komanda. Naudoja tik auk\u0161tos kokyb\u0117s, nuolatiniam dideli\u0173 resurs\u0173 reikalaujan\u010diam darbui pritaikyt\u0105 technin\u0119 \u012frang\u0105, nuolat atnaujina serveri\u0173 programin\u0119 \u012frang\u0105. Serverius administruoja tik kvalifikuoti ir ilgamet\u0119 patirt\u012f turintys serveri\u0173 administratoriai. Pasitelk\u0119 unikali\u0105 monitoringo \u012frang\u0105, kuri nuolat stebi visus j\u0173 serverius i\u0161 keli\u0173 \u017eemyn\u0173, su\u017eino apie i\u0161kilusias problemas grei\u010diau nei jas pastebi naudotojai ir operatyviai i\u0161sprend\u017eia bet kuriuo paros metu. Nors paslaug\u0173 valdymas yra gana paprastas ir ai\u0161kus, klient\u0173 aptarnavimo skyrius operatyviai suteikia pagalb\u0105 septynias dienas per savait\u0119.<\/p>\n<h3><a href=\"http:\/\/skrisk.lt\/\" target=\"_blank\">SKRISK.lt<\/a><\/h3>\n<p><a href=\"http:\/\/skrisk.lt\" target=\"_blank\"><img loading=\"lazy\" decoding=\"async\" src=\"https:\/\/2015.lithuania.wordcamp.org\/files\/2015\/04\/skrisk.jpg\" alt=\"skrisk.lt\" width=\"660\" height=\"360\" class=\"alignnone size-full wp-image-934\" srcset=\"https:\/\/lithuania.wordcamp.org\/2015\/files\/2015\/04\/skrisk.jpg 660w, https:\/\/lithuania.wordcamp.org\/2015\/files\/2015\/04\/skrisk-300x164.jpg 300w, https:\/\/lithuania.wordcamp.org\/2015\/files\/2015\/04\/skrisk-500x273.jpg 500w\" sizes=\"auto, (max-width: 660px) 100vw, 660px\" \/><\/a><br \/>\n<a href=\"http:\/\/skrisk.lt\/\" target=\"_blank\">SKRISK.lt<\/a> \u2013 l\u0117ktuv\u0173 biliet\u0173 rezervavimo sistema yra vienos did\u017eiausi\u0173 Lietuvoje verslo kelioni\u0173 agent\u016bros UAB \u201eBPC Travel\u201c projektas, leid\u017eiantis patogiai ir paprastai i\u0161 bet kurio pasaulio ta\u0161ko internetu rezervuotis l\u0117ktuvo biliet\u0105.<\/p>\n<p><a href=\"http:\/\/skrisk.lt\/\" target=\"_blank\">SKRISK.lt<\/a> \u2013 patogi l\u0117ktuv\u0173 biliet\u0173 rezervavimo sistema per TRUMP\u0104 LAIK\u0104 leid\u017eianti rezervuoti l\u0117ktuvo biliet\u0105 \u012f bet kur\u012f pasaulio oro uost\u0105.<\/p>\n<h3><a href=\"https:\/\/managewp.com\/\" target=\"_blank\">ManageWP<\/a><\/h3>\n<p><a href=\"https:\/\/managewp.com\/\" target=\"_blank\"><img loading=\"lazy\" decoding=\"async\" class=\"aligncenter size-large wp-image-517\" src=\"https:\/\/2015.lithuania.wordcamp.org\/files\/2015\/09\/managewp-logo.png\" alt=\"managewp\" width=\"660\" height=\"315\" \/><\/a><br \/>\nManageWP yra pirmoji ir labiausiai i\u0161vystyta WordPress valdymo paslauga, sukurta WordPress vartotojams tinklalapi\u0173 administratoriams. ManageWP \u012fgalina vartotojus centralizuotai valdyti betkok\u012f skai\u010di\u0173 WordPress svetaini\u0173, suteikdama valdymo, steb\u0117jimo, atsargini\u0173 kopij\u0173 darymo, publikavimo galimybes bei padedanti tvarkytis su J\u016bs\u0173 WordPress tinklalapio saugumu.<\/p>\n<h3>WPML<\/h3>\n<p><img loading=\"lazy\" decoding=\"async\" class=\"alignnone size-full wp-image-170\" src=\"https:\/\/2015.lithuania.wordcamp.org\/files\/2015\/04\/wpml.png\" alt=\"wpml\" width=\"700\" height=\"300\" srcset=\"https:\/\/lithuania.wordcamp.org\/2015\/files\/2015\/04\/wpml.png 700w, https:\/\/lithuania.wordcamp.org\/2015\/files\/2015\/04\/wpml-300x129.png 300w, https:\/\/lithuania.wordcamp.org\/2015\/files\/2015\/04\/wpml-500x214.png 500w\" sizes=\"auto, (max-width: 700px) 100vw, 700px\" \/><br \/>\nWPML paver\u010dia WordPress tinklalapius daugiakalbiais. \u0160is unikalus \u012fskiepis veikia kartu su caching&#8217;u, SEO ir e-komercijos \u012fskiepiais, bei leid\u017eia sukurti pilnai daugiakalb\u0119 aplink\u0105 J\u016bs\u0173 lankytojams, kad ir koks tinklalapis tai b\u016bt\u0173. WPML gali b\u016bti naudojamas tiek paprastiems tinklara\u0161\u010diams, tiek dideliems portalams, \u012fmoni\u0173 bei organizacij\u0173 svetain\u0117ms bei elektronin\u0117ms parduotuv\u0117ms. Su WPML gali i\u0161versti tinklalapyje visk\u0105 &#8211; pradedant turiniu, meniu, valdikliais ir baigiant temos bei \u012fskiepi\u0173 tekstais. WPML \u0161iuo metu naudoja daugiau nei 400,000 komercini\u0173 tinklalapi\u0173 visame pasaulyje. Daugiau informacijos galite rasti <a href=\"http:\/\/wpml.org\" target=\"_blank\">http:\/\/wpml.org<\/a><\/p>\n<h2>MIKRO R\u0116M\u0116JAI<\/h2>\n<div id=\"tix-attendees\">\n<ul class=\"tix-attendee-list tix-columns-2\">\n<li><img loading=\"lazy\" decoding=\"async\" class=\"avatar avatar-96 photo\" src=\"https:\/\/secure.gravatar.com\/avatar\/79afac773e2470ef92404647672fb8b6?s=96&amp;r=g\" alt=\"\" width=\"96\" height=\"96\" \/>\n<div class=\"tix-field tix-attendee-name\"><span class=\"tix-first\">Aleksandr<\/span> <span class=\"tix-last\">Stankevic<\/span><\/div>\n<p><a class=\"tix-field tix-attendee-twitter\" href=\"http:\/\/twitter.com\/sysmonk\">@sysmonk<\/a><\/li>\n<li><img loading=\"lazy\" decoding=\"async\" class=\"avatar avatar-96 photo\" src=\"https:\/\/abs.twimg.com\/sticky\/default_profile_images\/default_profile_0_200x200.png\" alt=\"\" width=\"96\" height=\"96\" \/>\n<div class=\"tix-field tix-attendee-name\"><span class=\"tix-first\">Alfa<\/span> <span class=\"tix-last\">Analitika<\/span><\/div>\n<p><a class=\"tix-field tix-attendee-twitter\" href=\"http:\/\/twitter.com\/AlfaAnalitika\">@AlfaAnalitika<\/a><\/li>\n<\/ul>\n<\/div>\n","protected":false},"excerpt":{"rendered":"<p>D\u0117kojame visiems r\u0117m\u0117jams, prisidedantiems prie WordCamp Lietuva organizavimo. R\u0117m\u0117ju galite tapti ir J\u016bs! Specialiame \u012fra\u0161e Paremkite rengin\u012f rasite daugiau informacijos, kaip galite pad\u0117ti. PLATININIS R\u0116M\u0116JAS Jetpack Jetpack yra nemokamas WordPress \u012fskiepis, kuris palengvina tinklalapi\u0173 valdym\u0105, sujungdamas juos su WordPress.com. Tai suteikia galimyb\u0119 naudotis tokiais \u012frankiais kaip Photon (globalus atvaizd\u0173 CDN), uptime&#8217;o steb\u0117jimas, apsauga prie\u0161 brute &hellip; <a href=\"https:\/\/lithuania.wordcamp.org\/2015\/remejai\/\" class=\"more-link\">Continue reading <span class=\"screen-reader-text\">R\u0117m\u0117jai<\/span><\/a><\/p>\n","protected":false},"author":13984478,"featured_media":0,"parent":0,"menu_order":0,"comment_status":"open","ping_status":"open","template":"","meta":{"_crdt_document":"","jetpack_post_was_ever_published":false,"footnotes":""},"class_list":["post-8","page","type-page","status-publish","hentry"],"jetpack_sharing_enabled":true,"_links":{"self":[{"href":"https:\/\/lithuania.wordcamp.org\/2015\/wp-json\/wp\/v2\/pages\/8","targetHints":{"allow":["GET"]}}],"collection":[{"href":"https:\/\/lithuania.wordcamp.org\/2015\/wp-json\/wp\/v2\/pages"}],"about":[{"href":"https:\/\/lithuania.wordcamp.org\/2015\/wp-json\/wp\/v2\/types\/page"}],"author":[{"embeddable":true,"href":"https:\/\/lithuania.wordcamp.org\/2015\/wp-json\/wp\/v2\/users\/13984478"}],"replies":[{"embeddable":true,"href":"https:\/\/lithuania.wordcamp.org\/2015\/wp-json\/wp\/v2\/comments?post=8"}],"version-history":[{"count":31,"href":"https:\/\/lithuania.wordcamp.org\/2015\/wp-json\/wp\/v2\/pages\/8\/revisions"}],"predecessor-version":[{"id":937,"href":"https:\/\/lithuania.wordcamp.org\/2015\/wp-json\/wp\/v2\/pages\/8\/revisions\/937"}],"wp:attachment":[{"href":"https:\/\/lithuania.wordcamp.org\/2015\/wp-json\/wp\/v2\/media?parent=8"}],"curies":[{"name":"wp","href":"https:\/\/api.w.org\/{rel}","templated":true}]}}