{"id":769,"date":"2015-09-09T14:34:33","date_gmt":"2015-09-09T11:34:33","guid":{"rendered":"https:\/\/2015.lithuania.wordcamp.org\/?page_id=769"},"modified":"2015-09-09T14:34:33","modified_gmt":"2015-09-09T11:34:33","slug":"kas-yra-wordcamp-konferencija-ir-kam-ji-skirta","status":"publish","type":"page","link":"https:\/\/lithuania.wordcamp.org\/2015\/kas-yra-wordcamp-konferencija-ir-kam-ji-skirta\/","title":{"rendered":"Kas yra WordCamp konferencija, ir kam ji skirta?"},"content":{"rendered":"<p>WordCamp &#8211; tai neformalaus pob\u016bd\u017eio konkre\u010dioje vietov\u0117je organizuota konferencija. Paprastai did\u017eioji dalis WordCamp prane\u0161im\u0173 b\u016bna daugiau ar ma\u017eiau susij\u0119 su WordPress &#8211; populiariausia pasaulyje nemokama atviro kodo turinio valdymo sistema.<\/p>\n<p>Ta\u010diau tiek prane\u0161\u0117jai, tiek dalyviai b\u016bna i\u0161 \u012fvairiausi\u0173 sri\u010di\u0173 &#8211; pradedant tinklara\u0161tininkais, baigiant profesionaliais programuotojais. WordCamp&#8217;e tikrai sutiksite dizaineri\u0173, tekst\u0173 ra\u0161ytoj\u0173, online verslo atstov\u0173, IT projekt\u0173 savinink\u0173, vadov\u0173 ir vadybinink\u0173, interneto marketingo, SEO, IT verslo specialist\u0173 ir konsultant\u0173.<\/p>\n<p>B\u016btent d\u0117l tokios konferencijos koncepcijos kiekvienas dalyvis ras tiek sau artim\u0173 prane\u0161im\u0173 tem\u0173 ir susipa\u017eins su kolegomis, tiek gal\u0117s prapl\u0117sti savo \u017einias kitose srityse bei sutikti jose dirban\u010di\u0173 specialist\u0173.<\/p>\n<blockquote><p>Tad jei vis dar galvojate, kam skirta WordCamp konferencija, mes turime teising\u0105 atsakym\u0105 &#8211; Jums! <\/p><\/blockquote>\n<p>Nes jei jau esate \u010dia, ir skaitote \u0161\u012f tekst\u0105, tai neabejotinai veikiate ar planuojate veikti ka\u017ek\u0105, susijusio su IT &#8211; b\u016btent tokiems \u017emon\u0117ms ir skirta WordCamp konferencija.<\/p>\n<p>Jei norite i\u0161samiau susipa\u017einti su WordCamp&#8217;uose aptariam\u0173 tem\u0173 \u012fvairove, kvie\u010diame u\u017esukti \u012f <a href=\"http:\/\/wordpress.tv\/category\/wordcamptv\/\">WordCamp kanal\u0105 tinklalapyje WordPress.tv<\/a> &#8211; \u010dia rasite vis\u0173 pasaulio WordCamp&#8217;\u0173 prane\u0161imus, ir garantuojame, kad tarp j\u0173 bus ir Jums aktuali\u0173 &#8211; kaip ir WordCamp Lietuva 2015 konferencijoje.<\/p>\n<p>Ta\u010diau WordCamp tikslas &#8211; ne vien tik surinkti dalyvius bei prane\u0161\u0117jus ir pasidalinti \u017einiomis. Renginio esm\u0117 &#8211; bendravimas, pa\u017eintys (angl. <em>networking<\/em>), bendra veikla ir naujos id\u0117jos.<\/p>\n<p>Taip pat \u0161ios konferencijos gars\u0117ja savo draugi\u0161ka atmosfera, siekiama kad jose b\u016bt\u0173 kuo ma\u017eiau oficialumo ir kuo daugiau tolerancijos, bendravimo, gimt\u0173 nauj\u0173 projekt\u0173, ir \u017einoma, visi \u012fgyt\u0173 nauj\u0173 \u017eini\u0173. Be abejo, WordCamp&#8217;uose skatinama naudoti bei prisid\u0117ti tobulinant WordPress, nes kuo geresn\u0117 bus \u0161i turinio valdymo sistema, tuo geresni bus ir m\u016bs\u0173 vis\u0173 projektai, taigi pad\u0117dami WordPress, padedame sau!<\/p>\n<p>WordCamp konferencijos paprastai susideda i\u0161 prane\u0161im\u0173, praktini\u0173 u\u017esi\u0117mim\u0173 (dirbtuvi\u0173 arba WordPress tobulinimo sesij\u0173) bei laiko, skirto bendravimui &#8211; tai kavos pertrauk\u0117l\u0117s, piet\u016bs ir net vakar\u0117liai. K\u0105 veiksime \u0161\u012fmet Vilniuje, galite pasi\u017ei\u016br\u0117ti <a href=\"https:\/\/2015.lithuania.wordcamp.org\/tvarkarastis\/\">WordCamp Lietuva 2015 tvarkara\u0161tyje<\/a>. Vis dar <a href=\"https:\/\/2015.lithuania.wordcamp.org\/bilietai\/\">turime ir biliet\u0173<\/a>!<\/p>\n<hr>\n<p><img loading=\"lazy\" decoding=\"async\" src=\"https:\/\/2015.lithuania.wordcamp.org\/files\/2015\/09\/wordcamp-logo-1024x207.jpg\" alt=\"wordcamp-logo\" width=\"660\" height=\"133\" class=\"alignleft size-large wp-image-757\" srcset=\"https:\/\/lithuania.wordcamp.org\/2015\/files\/2015\/09\/wordcamp-logo-1024x207.jpg 1024w, https:\/\/lithuania.wordcamp.org\/2015\/files\/2015\/09\/wordcamp-logo-300x61.jpg 300w, https:\/\/lithuania.wordcamp.org\/2015\/files\/2015\/09\/wordcamp-logo-500x101.jpg 500w\" sizes=\"auto, (max-width: 660px) 100vw, 660px\" \/><\/p>\n<p>WordCamp istorija prasid\u0117jo 2006-aisias, kai WordPress k\u016br\u0117jas Matt Mullenweg suorganizavo pirm\u0105j\u0105 konferencij\u0105 San Franciske. Nuo tada WordPress entuziastai visame pasaulyje jau sureng\u0117 daugiau nei 500 WordCamp&#8217;\u0173. Jei esate ne Lietuvoje, u\u017eeikite \u012f <a href=\"https:\/\/central.wordcamp.org\/schedule\/\">centrin\u012f WordCamp tinklalap\u012f<\/a> &#8211; galb\u016bt konferencija vyksta ir ten, kur gyvenate!<\/p>\n","protected":false},"excerpt":{"rendered":"<p>WordCamp &#8211; tai neformalaus pob\u016bd\u017eio konkre\u010dioje vietov\u0117je organizuota konferencija. Paprastai did\u017eioji dalis WordCamp prane\u0161im\u0173 b\u016bna daugiau ar ma\u017eiau susij\u0119 su WordPress &#8211; populiariausia pasaulyje nemokama atviro kodo turinio valdymo sistema. Ta\u010diau tiek prane\u0161\u0117jai, tiek dalyviai b\u016bna i\u0161 \u012fvairiausi\u0173 sri\u010di\u0173 &#8211; pradedant tinklara\u0161tininkais, baigiant profesionaliais programuotojais. WordCamp&#8217;e tikrai sutiksite dizaineri\u0173, tekst\u0173 ra\u0161ytoj\u0173, online verslo atstov\u0173, IT &hellip; <a href=\"https:\/\/lithuania.wordcamp.org\/2015\/kas-yra-wordcamp-konferencija-ir-kam-ji-skirta\/\" class=\"more-link\">Continue reading <span class=\"screen-reader-text\">Kas yra WordCamp konferencija, ir kam ji skirta?<\/span><\/a><\/p>\n","protected":false},"author":11226657,"featured_media":0,"parent":0,"menu_order":0,"comment_status":"closed","ping_status":"closed","template":"","meta":{"_crdt_document":"","jetpack_post_was_ever_published":false,"footnotes":""},"class_list":["post-769","page","type-page","status-publish","hentry"],"jetpack_sharing_enabled":true,"_links":{"self":[{"href":"https:\/\/lithuania.wordcamp.org\/2015\/wp-json\/wp\/v2\/pages\/769","targetHints":{"allow":["GET"]}}],"collection":[{"href":"https:\/\/lithuania.wordcamp.org\/2015\/wp-json\/wp\/v2\/pages"}],"about":[{"href":"https:\/\/lithuania.wordcamp.org\/2015\/wp-json\/wp\/v2\/types\/page"}],"author":[{"embeddable":true,"href":"https:\/\/lithuania.wordcamp.org\/2015\/wp-json\/wp\/v2\/users\/11226657"}],"replies":[{"embeddable":true,"href":"https:\/\/lithuania.wordcamp.org\/2015\/wp-json\/wp\/v2\/comments?post=769"}],"version-history":[{"count":1,"href":"https:\/\/lithuania.wordcamp.org\/2015\/wp-json\/wp\/v2\/pages\/769\/revisions"}],"predecessor-version":[{"id":770,"href":"https:\/\/lithuania.wordcamp.org\/2015\/wp-json\/wp\/v2\/pages\/769\/revisions\/770"}],"wp:attachment":[{"href":"https:\/\/lithuania.wordcamp.org\/2015\/wp-json\/wp\/v2\/media?parent=769"}],"curies":[{"name":"wp","href":"https:\/\/api.w.org\/{rel}","templated":true}]}}