{"id":5,"date":"2015-04-21T21:10:58","date_gmt":"2015-04-21T21:10:58","guid":{"rendered":"https:\/\/2015.lithuania.wordcamp.org\/schedule\/"},"modified":"2015-09-13T19:04:45","modified_gmt":"2015-09-13T16:04:45","slug":"tvarkarastis","status":"publish","type":"page","link":"https:\/\/lithuania.wordcamp.org\/2015\/tvarkarastis\/","title":{"rendered":"Tvarkara\u0161tis"},"content":{"rendered":"<div id=\"tvarkarastis\">\n<table class=\"wcpt-schedule\" border=\"0\">\n<thead>\n<tr>\n<th class=\"wcpt-col-time\">Laikas<\/th>\n<th class=\"wcpt-col-track\" colspan=\"2\"><span class=\"wcpt-track-name\">Konferencija<\/span><br \/>\n<small>(pagrindin\u0117 sal\u0117)<\/small><\/th>\n<th class=\"wcpt-col-track\" colspan=\"2\"><span class=\"wcpt-track-name\">Dirbtuv\u0117s<\/span><br \/>\n<small>(ma\u017eoji sal\u0117)<\/small><\/th>\n<\/tr>\n<\/thead>\n<tbody>\n<tr class=\"wcpt-time-0845 global-session registracija lightblue\">\n<td class=\"wcpt-time\">08:45<\/td>\n<td class=\"wcb-track-workshop wcb-track-pagrindinis wcpt-session-type-custom wcb-session-registracija\" colspan=\"4\"><span class=\"wcpt-session-title\">Registracija<\/span><\/td>\n<\/tr>\n<tr class=\"wcpt-time-0915 global-session konferencijos-atidarymas lightblue\">\n<td class=\"wcpt-time\">09:15<\/td>\n<td class=\"wcb-track-workshop wcb-track-pagrindinis wcpt-session-type-custom wcb-session-konferencijos-atidarymas\" colspan=\"4\"><span class=\"wcpt-session-title\">Konferencijos atidarymas<\/span><\/td>\n<\/tr>\n<tr class=\"wcpt-time-0930\">\n<td class=\"wcpt-time\">09:30<\/td>\n<td class=\"wcb-speaker-giedrius-luzinas wcb-track-pagrindinis wcpt-session-type-custom wcb-session-giedrius-luzinas\" colspan=\"2\"><span class=\"wcpt-session-title\">Kaip parduoti id\u0117j\u0105?<\/span><br \/>\n<span class=\"wcpt-session-speakers\">Giedrius Lu\u017einas<\/span><\/td>\n<td class=\"wcb-track-workshop wcpt-session-type-custom wcb-session-hostingas-domenas-wordpress-diegimas\" colspan=\"2\"><span class=\"wcpt-session-title\">Hostingas + Domenas + WordPress diegimas<\/span><br \/><span class=\"wcpt-session-speakers\">&#8220;Kodo poet\u0173&#8221; komanda<\/span><\/td>\n<\/tr>\n<tr class=\"wcpt-time-1015\">\n<td class=\"wcpt-time\">10:15<\/td>\n<td class=\"wcb-track-pagrindinis wcpt-session-type-custom wcb-session-rasa-urbanaviciute\" colspan=\"2\"><span class=\"wcpt-session-title\">Susiplanuok, u\u017esira\u0161yk ir \u012fvykdyk<\/span><br \/>\n<span class=\"wcpt-session-speakers\">Rasa Urbanavi\u010di\u016bt\u0117<\/span><\/td>\n<td class=\"wcb-track-workshop wcpt-session-type-custom wcb-session-wordpress-valdymas\" colspan=\"2\"><span class=\"wcpt-session-title\">WordPress valdymas<\/span><br \/><span class=\"wcpt-session-speakers\">&#8220;Kodo poet\u0173&#8221; komanda<\/span><\/td>\n<\/tr>\n<tr class=\"wcpt-time-1100 global-session kavos-pertraukl lightblue\">\n<td class=\"wcpt-time\">11:00<\/td>\n<td class=\"wcb-track-workshop wcb-track-pagrindinis wcpt-session-type-custom wcb-session-kavos-pertraukele\" colspan=\"4\"><span class=\"wcpt-session-title\">Kavos pertrauk\u0117l\u0117<\/span><\/td>\n<\/tr>\n<tr class=\"wcpt-time-1130\">\n<td class=\"wcpt-time\">11:30<\/td>\n<td class=\"wcb-track-pagrindinis wcpt-session-type-custom wcb-session-sarunas-toleikis\" colspan=\"2\"><span class=\"wcpt-session-title\">\u017diniatinklio program\u0173 k\u016brimas su WordPress: poreikiai, priemon\u0117s, perspektyvos.<\/span><br \/>\n<span class=\"wcpt-session-speakers\">\u0160ar\u016bnas Toleikis<\/span><\/td>\n<td class=\"wcb-track-workshop wcpt-session-type-custom wcb-session-tema\" colspan=\"2\"><span class=\"wcpt-session-title\">Temos pasirinkimas ir diegimas<\/span><br \/><span class=\"wcpt-session-speakers\">&#8220;Kodo poet\u0173&#8221; komanda<\/span><\/td>\n<\/tr>\n<tr class=\"wcpt-time-1245\">\n<td class=\"wcpt-time\">12:15<\/td>\n<td class=\"wcb-track-pagrindinis wcpt-session-type-custom wcb-session-arunas-liuiza\" colspan=\"2\"><span class=\"wcpt-session-title\">GitHub gudryb\u0117s WordPress \u012fskiepi\u0173 k\u016brimui<\/span><br \/>\n<span class=\"wcpt-session-speakers\">Ar\u016bnas Liuiza<\/span><\/td>\n<td class=\"wcb-track-workshop wcpt-session-type-custom wcb-session-apzvalga-ko-ismokome\" colspan=\"2\"><span class=\"wcpt-session-title\">Ap\u017evalga, ko i\u0161mokome<\/span><br \/><span class=\"wcpt-session-speakers\">&#8220;Kodo poet\u0173&#8221; komanda<\/span><\/td>\n<\/tr>\n<tr class=\"wcpt-time-1300 global-session piets lightblue\">\n<td class=\"wcpt-time\">13:00<\/td>\n<td class=\"wcb-track-workshop wcb-track-pagrindinis wcpt-session-type-custom wcb-session-pietus\" colspan=\"4\"><span class=\"wcpt-session-title\">Piet\u016bs<\/span><\/td>\n<\/tr>\n<tr class=\"wcpt-time-1415\">\n<td class=\"wcpt-time\">14:15<\/td>\n<td class=\"wcb-track-pagrindinis wcpt-session-type-custom wcb-session-vladas-sapranavicius\" colspan=\"2\"><span class=\"wcpt-session-title\">WordPress \u012frankiai interneto rinkodaroje<\/span><br \/>\n<span class=\"wcpt-session-speakers\">Vladas Sapranavi\u010dius<\/span><\/td>\n<td class=\"wcb-track-workshop wcpt-session-type-custom wcb-session-iskiepiai\" colspan=\"2\"><span class=\"wcpt-session-title\">\u012eskiepiai<\/span><br \/><span class=\"wcpt-session-speakers\">&#8220;Kodo poet\u0173&#8221; komanda<\/span><\/td>\n<\/tr>\n<tr class=\"wcpt-time-1500\">\n<td class=\"wcpt-time\">15:00<\/td>\n<td class=\"wcb-track-pagrindinis wcpt-session-type-custom wcb-session-ieva-ruskyte-jasinskiene\" colspan=\"2\"><span class=\"wcpt-session-title\">Pa\u017eangioji web analiz\u0117<\/span><br \/>\n<span class=\"wcpt-session-speakers\">Ieva Ru\u0161kyt\u0117-Jasinskien\u0117<\/span><\/td>\n<td class=\"wcb-track-workshop wcpt-session-type-custom wcb-session-woocommerce-diegimas\" colspan=\"2\"><span class=\"wcpt-session-title\">WooCommerce diegimas<\/span><br \/><span class=\"wcpt-session-speakers\">&#8220;Kodo poet\u0173&#8221; komanda<\/span><\/td>\n<\/tr>\n<tr class=\"wcpt-time-1545 global-session kavos-pertraukl lightblue\">\n<td class=\"wcpt-time\">15:45<\/td>\n<td class=\"wcb-track-workshop wcb-track-pagrindinis wcpt-session-type-custom wcb-session-kavos-pertraukele-2\" colspan=\"4\"><span class=\"wcpt-session-title\">Kavos pertrauk\u0117l\u0117<\/span><\/td>\n<\/tr>\n<tr class=\"wcpt-time-1615\">\n<td class=\"wcpt-time\">16:15<\/td>\n<td class=\"wcb-track-pagrindinis wcpt-session-type-custom wcb-session-zbignev-gecis\" colspan=\"2\"><span class=\"wcpt-session-title\">Tada sumok\u0117siu &#8211; kaip i\u0161vengti situacij\u0173, kai klientas nenori mok\u0117ti u\u017e darb\u0105<\/span><br \/>\n<span class=\"wcpt-session-speakers\">Zbignev Ge\u010dis ir Milena Ge\u010dis<\/span><\/td>\n<td class=\"wcb-track-workshop wcpt-session-type-custom wcb-session-seo-marketingas\" colspan=\"2\"><span class=\"wcpt-session-title\">SEO \/ Marketingas<\/span><br \/><span class=\"wcpt-session-speakers\">&#8220;Kodo poet\u0173&#8221; komanda<\/span><\/td>\n<\/tr>\n<tr class=\"wcpt-time-1700\">\n<td class=\"wcpt-time\">17:00<\/td>\n<td class=\"wcb-track-pagrindinis wcpt-session-type-custom wcb-session-audrius-grinys\" colspan=\"2\"><span class=\"wcpt-session-title\">Kod\u0117l verslui reikia WordPress?<\/span><br \/>\n<span class=\"wcpt-session-speakers\">Audrius Grinys<\/span><\/td>\n<td class=\"wcb-track-workshop wcpt-session-type-custom wcb-session-apzvalga-ko-ismokome-2\" colspan=\"2\"><span class=\"wcpt-session-title\">Ap\u017evalga, ko i\u0161mokome<\/span><br \/><span class=\"wcpt-session-speakers\">&#8220;Kodo poet\u0173&#8221; komanda<\/span><\/td>\n<\/tr>\n<tr class=\"wcpt-time-1745 global-session konferencijos-udarymas lightblue\">\n<td class=\"wcpt-time\">17:45<\/td>\n<td class=\"wcb-track-workshop wcb-track-pagrindinis wcpt-session-type-custom wcb-session-konferencijos-uzdarymas\" colspan=\"4\"><span class=\"wcpt-session-title\">Konferencijos u\u017edarymas<\/span><\/td>\n<\/tr>\n<\/tbody>\n<\/table>\n<\/div>\n","protected":false},"excerpt":{"rendered":"<p>Laikas Konferencija (pagrindin\u0117 sal\u0117) Dirbtuv\u0117s (ma\u017eoji sal\u0117) 08:45 Registracija 09:15 Konferencijos atidarymas 09:30 Kaip parduoti id\u0117j\u0105? Giedrius Lu\u017einas Hostingas + Domenas + WordPress diegimas&#8220;Kodo poet\u0173&#8221; komanda 10:15 Susiplanuok, u\u017esira\u0161yk ir \u012fvykdyk Rasa Urbanavi\u010di\u016bt\u0117 WordPress valdymas&#8220;Kodo poet\u0173&#8221; komanda 11:00 Kavos pertrauk\u0117l\u0117 11:30 \u017diniatinklio program\u0173 k\u016brimas su WordPress: poreikiai, priemon\u0117s, perspektyvos. \u0160ar\u016bnas Toleikis Temos pasirinkimas ir diegimas&#8220;Kodo &hellip; <a href=\"https:\/\/lithuania.wordcamp.org\/2015\/tvarkarastis\/\" class=\"more-link\">Continue reading <span class=\"screen-reader-text\">Tvarkara\u0161tis<\/span><\/a><\/p>\n","protected":false},"author":13984478,"featured_media":0,"parent":0,"menu_order":0,"comment_status":"closed","ping_status":"closed","template":"","meta":{"_crdt_document":"","jetpack_post_was_ever_published":false,"footnotes":""},"class_list":["post-5","page","type-page","status-publish","hentry"],"jetpack_sharing_enabled":true,"_links":{"self":[{"href":"https:\/\/lithuania.wordcamp.org\/2015\/wp-json\/wp\/v2\/pages\/5","targetHints":{"allow":["GET"]}}],"collection":[{"href":"https:\/\/lithuania.wordcamp.org\/2015\/wp-json\/wp\/v2\/pages"}],"about":[{"href":"https:\/\/lithuania.wordcamp.org\/2015\/wp-json\/wp\/v2\/types\/page"}],"author":[{"embeddable":true,"href":"https:\/\/lithuania.wordcamp.org\/2015\/wp-json\/wp\/v2\/users\/13984478"}],"replies":[{"embeddable":true,"href":"https:\/\/lithuania.wordcamp.org\/2015\/wp-json\/wp\/v2\/comments?post=5"}],"version-history":[{"count":34,"href":"https:\/\/lithuania.wordcamp.org\/2015\/wp-json\/wp\/v2\/pages\/5\/revisions"}],"predecessor-version":[{"id":829,"href":"https:\/\/lithuania.wordcamp.org\/2015\/wp-json\/wp\/v2\/pages\/5\/revisions\/829"}],"wp:attachment":[{"href":"https:\/\/lithuania.wordcamp.org\/2015\/wp-json\/wp\/v2\/media?parent=5"}],"curies":[{"name":"wp","href":"https:\/\/api.w.org\/{rel}","templated":true}]}}