{"id":318,"date":"2015-07-15T14:11:05","date_gmt":"2015-07-15T11:11:05","guid":{"rendered":"https:\/\/2015.lithuania.wordcamp.org\/?page_id=318"},"modified":"2015-07-15T14:13:35","modified_gmt":"2015-07-15T11:13:35","slug":"dont-speak-lithuanian","status":"publish","type":"page","link":"https:\/\/lithuania.wordcamp.org\/2015\/dont-speak-lithuanian\/","title":{"rendered":"Don&#8217;t speak Lithuanian?"},"content":{"rendered":"<p>WordCamp Lithuania 2015 will be held in local language, however, all non-Lithuanian speaking attendees are very welcome!<\/p>\n<p>In this page, you can find main information about event in English.<\/p>\n<h2>Language<\/h2>\n<p>Vilnius is a really cosmopolitan city and most Lithuanians at least understand English pretty well. However, WordCamp Lithuania is a local event with the focus on the Lithuanian-speaking community, but we hope you don\u2019t feel lost. We will try our best to make you feel at home.<\/p>\n<h2>Speakers<\/h2>\n<p>We will consider proposals for presentations in English. The levels of presentations can range from beginners to professionals and have various topics.<br \/>\nApplication form is here: <a href=\"https:\/\/2015.lithuania.wordcamp.org\/tapk-praneseju\/\">Tapk prane\u0161\u0117ju<\/a>, and the fields in order are Name, Email, WordPress.org username, Short bio, Title of presentation, Description of presentation.<\/p>\n<h2>Volunteers<\/h2>\n<p>During our WordCamp we will need helping hands in every place. If you want to support us with your (wo\u2013)man-power, please fill out our volunteers registration form: <a href=\"https:\/\/2015.lithuania.wordcamp.org\/buk-savanoriu\/\">B\u016bk savanoriu<\/a> (the fields are Name, Email, Skills\/Interest\/Experience (not necessarily of volunteering), How many hours can you work, Questions\/ Comments).<\/p>\n<h2>Attending<\/h2>\n<p><strong>When?<\/strong><br \/>\nWordCamp Lithuania will be held on September 19th, 2015<\/p>\n<p><strong>Where?<\/strong><br \/>\nSocialini\u0173 Moksl\u0173 Kolegija<br \/>\n137E Kalvarij\u0173 street, Vilnius, Lithuania<\/strong><\/p>\n<div class=\"googlemaps\">\n\t\t\t\t<iframe loading=\"lazy\" width=\"700\" height=\"400\" frameborder=\"0\" scrolling=\"no\" marginheight=\"0\" marginwidth=\"0\"  src=\"https:\/\/www.google.com\/maps\/embed?pb=!1m18!1m12!1m3!1d2304.6182682319654!2d25.2874172!3d54.716338900000004!2m3!1f0!2f0!3f0!3m2!1i1024!2i768!4f13.1!3m3!1m2!1s0x0000000000000000:0x97b079966e5212ec!2sSocialini\u0173%20moksl\u0173%20kolegija,%20V\u0161\u012e%20Vilniaus%20filialas!5e0!3m2!1sen!2sus!4v1436851860655\"><\/iframe>\n\t\t\t<\/div>\n<p>If you need any information, please don\u2019t hesitate to <a href=\"https:\/\/2015.lithuania.wordcamp.org\/susisiekite\/\">contact us in English<\/a>, we\u2019ll do our best to help and welcome you.<\/p>\n<p>Iki susitikimo! (See you soon!)<\/p>\n","protected":false},"excerpt":{"rendered":"<p>WordCamp Lithuania 2015 will be held in local language, however, all non-Lithuanian speaking attendees are very welcome! In this page, you can find main information about event in English. Language Vilnius is a really cosmopolitan city and most Lithuanians at least understand English pretty well. However, WordCamp Lithuania is a local event with the focus &hellip; <a href=\"https:\/\/lithuania.wordcamp.org\/2015\/dont-speak-lithuanian\/\" class=\"more-link\">Continue reading <span class=\"screen-reader-text\">Don&#8217;t speak Lithuanian?<\/span><\/a><\/p>\n","protected":false},"author":11226657,"featured_media":0,"parent":0,"menu_order":0,"comment_status":"open","ping_status":"open","template":"","meta":{"_crdt_document":"","jetpack_post_was_ever_published":false,"footnotes":""},"class_list":["post-318","page","type-page","status-publish","hentry"],"jetpack_sharing_enabled":true,"_links":{"self":[{"href":"https:\/\/lithuania.wordcamp.org\/2015\/wp-json\/wp\/v2\/pages\/318","targetHints":{"allow":["GET"]}}],"collection":[{"href":"https:\/\/lithuania.wordcamp.org\/2015\/wp-json\/wp\/v2\/pages"}],"about":[{"href":"https:\/\/lithuania.wordcamp.org\/2015\/wp-json\/wp\/v2\/types\/page"}],"author":[{"embeddable":true,"href":"https:\/\/lithuania.wordcamp.org\/2015\/wp-json\/wp\/v2\/users\/11226657"}],"replies":[{"embeddable":true,"href":"https:\/\/lithuania.wordcamp.org\/2015\/wp-json\/wp\/v2\/comments?post=318"}],"version-history":[{"count":3,"href":"https:\/\/lithuania.wordcamp.org\/2015\/wp-json\/wp\/v2\/pages\/318\/revisions"}],"predecessor-version":[{"id":321,"href":"https:\/\/lithuania.wordcamp.org\/2015\/wp-json\/wp\/v2\/pages\/318\/revisions\/321"}],"wp:attachment":[{"href":"https:\/\/lithuania.wordcamp.org\/2015\/wp-json\/wp\/v2\/media?parent=318"}],"curies":[{"name":"wp","href":"https:\/\/api.w.org\/{rel}","templated":true}]}}