{"id":17,"date":"2015-04-21T21:10:58","date_gmt":"2015-04-21T21:10:58","guid":{"rendered":"https:\/\/2015.lithuania.wordcamp.org\/code-of-conduct\/"},"modified":"2015-07-13T20:20:27","modified_gmt":"2015-07-13T17:20:27","slug":"etikos-kodeksas","status":"publish","type":"page","link":"https:\/\/lithuania.wordcamp.org\/2015\/etikos-kodeksas\/","title":{"rendered":"Etikos kodeksas"},"content":{"rendered":"<ol>\n<li>\n<h3>Tikslas<\/h3>\n<p>                    WordCamp Lietuva tiki, kad bendruomen\u0117 turi b\u016bti atvira visiems. Tod\u0117l stengsim\u0117s, kad konferencijos aplinka b\u016bt\u0173 draugi\u0161ka, saugi ir maloni visiems dalyviams, nepriklausomai nuo j\u0173 lyties, seksualin\u0117s orientacijos, ne\u012fgalumo, tautyb\u0117s, religijos, naudojamos operacin\u0117s sistemos, programavimo kalbos ar teksto redaktoriaus.<\/p>\n<p>                \u0160is etikos kodeksas apibr\u0117\u017eia m\u016bs\u0173 l\u016bkes\u010dius dalyvi\u0173 elgesiui, taip pat nurodo nepriimtino elgesio pas\u0117kmes.<\/p>\n<p>                Skatiname visus r\u0117m\u0117jus, savanorius, prane\u0161\u0117jus ir dalyvius pad\u0117ti mums surengti saugi\u0105 konferencij\u0105, kuri visiems palikt\u0173 teigiamus \u012fsp\u016bd\u017eius.\n            <\/li>\n<li>\n<h3>Atviroji bendruomen\u0117<\/h3>\n<p>                Papildomas \u0161io kodekso tikslas yra pl\u0117sti atvir\u0105j\u0105 bendruomen\u0119, skatinant konferencijos dalyvius \u012fsitraukti \u012f bendrus projektus, pad\u0117ti vienas kitam ir stiprinti tarpusavio ry\u0161ius.<\/p>\n<p>                D\u0117l \u0161io tikslo, WordCamp Lietuva konferencijos metu steb\u0117s ir po jos paskelbs pavyzdinius atvirosios bendruomen\u0117s dalyvius.<\/p>\n<p>                Jei pasteb\u0117jote k\u0105 nors, kas itin stengiasi d\u0117l to, kad m\u016bs\u0173 bendruomen\u0117 b\u016bt\u0173 draugi\u0161ka bei atvira, ir skatina kitus dalyvius prisid\u0117ti prie to, mes norime \u017einoti. Prane\u0161kite apie tai savanoriams prie registracijos stalo renginyje arba <a href=\"https:\/\/2015.lithuania.wordcamp.org\/susisiekite\/\">para\u0161ykite apie tok\u012f \u017emog\u0173 mums<\/a>.<\/p>\n<\/li>\n<li>\n<h3>Tinkamas elgesys<\/h3>\n<ul>\n<li>B\u016bkite d\u0117mesingas, pagarbus bei bendradarbiaujantis.<\/li>\n<li>Atsiribokite nuo menkinan\u010dio, diskriminuojan\u010dio, \u012f\u017eeid\u017eian\u010dio elgesio ar prane\u0161imo.<\/li>\n<li>B\u016bkite d\u0117mesingas aplinkai bei kitiems dalyviams. Prane\u0161kite organizatoriams jei pastebite pavojing\u0105 situacij\u0105 arba jei ka\u017ekam nutiko b\u0117da. <\/li>\n<li>Dalyvaukite nuo\u0161ird\u017eiai ir aktyviai. Tik taip susikursime tikrai savo WordCamp Lietuva.\n                    <\/li>\n<\/ul>\n<\/li>\n<li>\n<h3>Netinkamas elgesys<\/h3>\n<p>                Netinkamas elgesys yra bet koks bauginantis, \u012f\u017eeid\u017eiantis, u\u017egaulus, diskriminuojantis, priekabus, menkinantis ar \u017eeminantis elgesys prie\u0161 bet kur\u012f WordCamp Lietuva ar susijusio renginio dalyv\u012f. Taip pat reikia tur\u0117ti omenyje, kad WordCamp Lietuva renginio vieta gali b\u016bti atvira ir ne konferencijos dalyviams &#8211; pra\u0161ome lygiai toki\u0173 pa\u010di\u0173 elgesio taisykli\u0173 laikytis ir su jais, o taip pat su renginio vietos vadovais\/savininkais.<\/p>\n<p>                Netinkamas elgesys taip pat yra (ta\u010diau neapsiriboja): \u012f\u017eeid\u017eiantys \u017eodiniai komentarai susij\u0119 su lytimi, seksualine orientacija, rase, religija, ne\u012fgalumu; nederamas nuogybi\u0173 ir\/ar seksualinio pob\u016bd\u017eio atvaizd\u0173 naudojimas vie\u0161ai matomose vietose (\u012fskaitant prane\u0161im\u0173 skaidres); s\u0105moningas bauginimas, persekiojimas ar sekiojimas; \u012f\u017eeid\u017eian\u010dios nuotraukos ar video \u012fra\u0161ai; nuolatinis prane\u0161im\u0173 ar kitokios veiklos pertraukin\u0117jimas; nederamas fizinis kontaktas ir nepageidaujamas seksualinis d\u0117mesys.\n            <\/li>\n<li>\n<h3>Netinkamo elgesio pasekm\u0117s<\/h3>\n<p>                WordCamp Lietuva dalyviai, organizatoriai, renginio vietos darbuotojai, r\u0117m\u0117jai ir kiti susij\u0119 asmenys netoleruos jokio netinkamo elgesio.<\/p>\n<p>                Bet kuris asmuo, kurio bus papra\u0161yta nutraukti netinkam\u0105 elges\u012f, turi i\u0161 karto paklusti.<\/p>\n<p>                Jei bet kuris dalyvis netinkamai elgiasi, konferencijos organizatoriai gali imtis bet koki\u0173 j\u0173 manymu tinkam\u0173 veiksm\u0173 \u0161iam elgesiui sustabdyti, \u012fskaitant (ta\u010diau neapsiribojant) priverstiniu pa\u0161alinimu i\u0161 konferencijos be \u012fsp\u0117jimo bei pinig\u0173 u\u017e biliet\u0105 gr\u0105\u017einimo.\n            <\/li>\n<li>\n<h3>K\u0105 daryti jei pasteb\u0117jote netinkam\u0105 elges\u012f arba jis yra nukreiptas \u012f Jus<\/h3>\n<p>                Jei kas nors netinkamai elgiasi su Jumis arba J\u016bs pasteb\u0117jote netinkam\u0105 elges\u012f, ar turite kitoki\u0173 su netinkamu elgesiu susijusi\u0173 pastab\u0173, pra\u0161ome kuo grei\u010diau informuoti bet kur\u012f konferencijos organizatori\u0173.<\/p>\n<p>                WordCamp Lietuva komanda visuomet pasiruo\u0161usi Jums pagelb\u0117ti, pad\u0117ti kontaktuoti su renginio vietos apsauga ar vietin\u0117mis policijos paj\u0117gomis bei suteikti bet koki\u0105 kitoki\u0105 pagalb\u0105, kad konferencijos metu gal\u0117tum\u0117te jaustis saugiai.<br \/>\n                    Konferencijos savanoriai vilk\u0117s raudonus mar\u0161kin\u0117lius su renginio logotipu. Bet kuris savanoris gali Jums pad\u0117ti surasti vien\u0105 i\u0161 organizatori\u0173. Taip pat galite kreiptis \u012f registracijos stalo savanorius. <\/p>\n<\/li>\n<li>\n<h3>Taikymas<\/h3>\n<p>                Mes tikim\u0117s, kad visi konferencijos dalyviai (r\u0117m\u0117jai, savanoriai, prane\u0161\u0117jai, dalyviai ir kiti) laikysis \u0161io etikos kodekso visose konferencijos bei susijusi\u0173 rengini\u0173 vietose.\n            <\/li>\n<li>\n<h3>Kontaktin\u0117 informacija<\/h3>\n<p>                    \u0160iuo metu su mumis galite susisiekti per <a href=\"https:\/\/2015.lithuania.wordcamp.org\/susisiekite\/\">speciali\u0105 form\u0105<\/a>. Konferencijos metu \u0161ioje vietoje bus tiesioginiai atsakingo \u017emogaus kontaktai.<\/span><\/p>\n<\/li>\n<li>\n<h3>Licencija ir teisi\u0173 nurodymas<\/h3>\n<p>                \u0160is etikos kodeksas parengtas pagal puik\u0173 Open Source Bridge darb\u0105, tiesiog pakei\u010diant renginio pavadinim\u0105. Original\u0105 galima rasti<br \/>\n                    <a href=\"http:\/\/opensourcebridge.org\/about\/code-of-conduct\/\">http:\/\/opensourcebridge.org\/about\/code-of-conduct\/<\/a>, jis platinamas su                  <a href=\"http:\/\/creativecommons.org\/licenses\/by-sa\/3.0\/\">Creative Commons Attribution-ShareAlike<\/a> licencija.<\/p>\n<\/li>\n<\/ol>\n","protected":false},"excerpt":{"rendered":"<p>Tikslas WordCamp Lietuva tiki, kad bendruomen\u0117 turi b\u016bti atvira visiems. Tod\u0117l stengsim\u0117s, kad konferencijos aplinka b\u016bt\u0173 draugi\u0161ka, saugi ir maloni visiems dalyviams, nepriklausomai nuo j\u0173 lyties, seksualin\u0117s orientacijos, ne\u012fgalumo, tautyb\u0117s, religijos, naudojamos operacin\u0117s sistemos, programavimo kalbos ar teksto redaktoriaus. \u0160is etikos kodeksas apibr\u0117\u017eia m\u016bs\u0173 l\u016bkes\u010dius dalyvi\u0173 elgesiui, taip pat nurodo nepriimtino elgesio pas\u0117kmes. Skatiname visus &hellip; <a href=\"https:\/\/lithuania.wordcamp.org\/2015\/etikos-kodeksas\/\" class=\"more-link\">Continue reading <span class=\"screen-reader-text\">Etikos kodeksas<\/span><\/a><\/p>\n","protected":false},"author":13984478,"featured_media":0,"parent":0,"menu_order":0,"comment_status":"open","ping_status":"open","template":"","meta":{"_crdt_document":"","jetpack_post_was_ever_published":false,"footnotes":""},"class_list":["post-17","page","type-page","status-publish","hentry"],"jetpack_sharing_enabled":true,"_links":{"self":[{"href":"https:\/\/lithuania.wordcamp.org\/2015\/wp-json\/wp\/v2\/pages\/17","targetHints":{"allow":["GET"]}}],"collection":[{"href":"https:\/\/lithuania.wordcamp.org\/2015\/wp-json\/wp\/v2\/pages"}],"about":[{"href":"https:\/\/lithuania.wordcamp.org\/2015\/wp-json\/wp\/v2\/types\/page"}],"author":[{"embeddable":true,"href":"https:\/\/lithuania.wordcamp.org\/2015\/wp-json\/wp\/v2\/users\/13984478"}],"replies":[{"embeddable":true,"href":"https:\/\/lithuania.wordcamp.org\/2015\/wp-json\/wp\/v2\/comments?post=17"}],"version-history":[{"count":8,"href":"https:\/\/lithuania.wordcamp.org\/2015\/wp-json\/wp\/v2\/pages\/17\/revisions"}],"predecessor-version":[{"id":126,"href":"https:\/\/lithuania.wordcamp.org\/2015\/wp-json\/wp\/v2\/pages\/17\/revisions\/126"}],"wp:attachment":[{"href":"https:\/\/lithuania.wordcamp.org\/2015\/wp-json\/wp\/v2\/media?parent=17"}],"curies":[{"name":"wp","href":"https:\/\/api.w.org\/{rel}","templated":true}]}}