{"id":11,"date":"2015-08-19T22:32:38","date_gmt":"2015-08-19T19:32:38","guid":{"rendered":"https:\/\/2015.lithuania.wordcamp.org\/?page_id=11"},"modified":"2015-09-18T22:44:46","modified_gmt":"2015-09-18T19:44:46","slug":"bilietai","status":"publish","type":"page","link":"https:\/\/lithuania.wordcamp.org\/2015\/bilietai\/","title":{"rendered":"Bilietai"},"content":{"rendered":"<p>\u012esigykite Dalyvio arba renginio Mikro-r\u0117m\u0117jo biliet\u0105 ir J\u016bs jau pirmojo WordCamp Lietuva dalyvis!<\/p>\n<p><strong>Nedelskite, nes biliet\u0173 kiekis ribotas.<\/strong><\/p>\n<a href=\"https:\/\/lithuania.wordcamp.org\/2015\/bilietai\/\">Please view this page in a browser to purchase or manage tickets.<\/a>\n<p>Dalyvio bilietas:<\/p>\n<ul>\n<li>Dalyvavimas konferencijoje ir <a href=\"https:\/\/2015.lithuania.wordcamp.org\/dirbtuves-e-parduotuve-nuo-a-iki-z-su-wordpress\/\">dirbtuv\u0117se<\/a><\/li>\n<li>Mar\u0161kin\u0117liai ir vardin\u0117 dalyvio kortel\u0117 su juostele<\/li>\n<li>Piet\u016bs, u\u017ekand\u017eiai ir g\u0117rimai<\/li>\n<\/ul>\n<p>Mikro-r\u0117m\u0117jo bilietas:<\/p>\n<ul>\n<li>Dalyvavimas konferencijoje ir <a href=\"https:\/\/2015.lithuania.wordcamp.org\/dirbtuves-e-parduotuve-nuo-a-iki-z-su-wordpress\/\">dirbtuv\u0117se<\/a><\/li>\n<li>Mar\u0161kin\u0117liai ir vardin\u0117 dalyvio kortel\u0117 su juostele<\/li>\n<li>Piet\u016bs, u\u017ekand\u017eiai ir g\u0117rimai<\/li>\n<li>Mikro-r\u0117m\u0117jo statusas<\/li>\n<\/ul>\n<p>Mikro-r\u0117m\u0117jo bilietas &#8211; tai specialus bilieto tipas norintiems paremti konferencijos organizavim\u0105 100\u20ac suma.<\/p>\n<p>\u012eeina viskas, kas \u012fprastiniame dalyvio biliete, ta\u010diau papildomai J\u016bs\u0173 vardas ir pavard\u0117 bus nurodyti puslapyje &#8220;<a href=\"https:\/\/2015.lithuania.wordcamp.org\/remejai\/\">R\u0117m\u0117jai<\/a>&#8221; bei paskelbti atskiru \u012fra\u0161u skirtu mikro-r\u0117m\u0117jams (\u0161iame tinklalapyje ir WordCamp Lietuva socialin\u0117se paskyrose).<\/p>\n<hr \/>\n<p>L\u0117\u0161as u\u017e bilietus renka ir paskirsto WordPress Foundation. Apmok\u0117jimas vykdomas per PayPal. Jei kyla sunkum\u0173 perkant\/apmokant, <a href=\"https:\/\/2015.lithuania.wordcamp.org\/susisiekite\/\">susisiekite su mumis<\/a>.<\/p>\n<p>Jei reikalinga s\u0105skaitai \u012fmonei, pra\u0161ome atsi\u0173sti rekvizitus \u012f <a href=\"mailto:vilnius@wordcamp.org\">vilnius@wordcamp.org<\/a><\/p>\n<p>Bilietai negr\u0105\u017einami &#8211; jei negal\u0117site dalyvauti, mokestis u\u017e biliet\u0105 bus priimtas kaip parama WordPress Foundation.<\/p>\n","protected":false},"excerpt":{"rendered":"<p>\u012esigykite Dalyvio arba renginio Mikro-r\u0117m\u0117jo biliet\u0105 ir J\u016bs jau pirmojo WordCamp Lietuva dalyvis! Nedelskite, nes biliet\u0173 kiekis ribotas. Dalyvio bilietas: Dalyvavimas konferencijoje ir dirbtuv\u0117se Mar\u0161kin\u0117liai ir vardin\u0117 dalyvio kortel\u0117 su juostele Piet\u016bs, u\u017ekand\u017eiai ir g\u0117rimai Mikro-r\u0117m\u0117jo bilietas: Dalyvavimas konferencijoje ir dirbtuv\u0117se Mar\u0161kin\u0117liai ir vardin\u0117 dalyvio kortel\u0117 su juostele Piet\u016bs, u\u017ekand\u017eiai ir g\u0117rimai Mikro-r\u0117m\u0117jo statusas Mikro-r\u0117m\u0117jo &hellip; <a href=\"https:\/\/lithuania.wordcamp.org\/2015\/bilietai\/\" class=\"more-link\">Continue reading <span class=\"screen-reader-text\">Bilietai<\/span><\/a><\/p>\n","protected":false},"author":13984478,"featured_media":0,"parent":0,"menu_order":0,"comment_status":"closed","ping_status":"closed","template":"","meta":{"_crdt_document":"","jetpack_post_was_ever_published":false,"footnotes":""},"class_list":["post-11","page","type-page","status-publish","hentry"],"jetpack_sharing_enabled":true,"_links":{"self":[{"href":"https:\/\/lithuania.wordcamp.org\/2015\/wp-json\/wp\/v2\/pages\/11","targetHints":{"allow":["GET"]}}],"collection":[{"href":"https:\/\/lithuania.wordcamp.org\/2015\/wp-json\/wp\/v2\/pages"}],"about":[{"href":"https:\/\/lithuania.wordcamp.org\/2015\/wp-json\/wp\/v2\/types\/page"}],"author":[{"embeddable":true,"href":"https:\/\/lithuania.wordcamp.org\/2015\/wp-json\/wp\/v2\/users\/13984478"}],"replies":[{"embeddable":true,"href":"https:\/\/lithuania.wordcamp.org\/2015\/wp-json\/wp\/v2\/comments?post=11"}],"version-history":[{"count":13,"href":"https:\/\/lithuania.wordcamp.org\/2015\/wp-json\/wp\/v2\/pages\/11\/revisions"}],"predecessor-version":[{"id":509,"href":"https:\/\/lithuania.wordcamp.org\/2015\/wp-json\/wp\/v2\/pages\/11\/revisions\/509"}],"wp:attachment":[{"href":"https:\/\/lithuania.wordcamp.org\/2015\/wp-json\/wp\/v2\/media?parent=11"}],"curies":[{"name":"wp","href":"https:\/\/api.w.org\/{rel}","templated":true}]}}